{"id":13947,"date":"2025-10-13T03:48:00","date_gmt":"2025-10-13T03:48:00","guid":{"rendered":"https:\/\/begonia.tn\/?page_id=13947"},"modified":"2025-10-13T03:49:49","modified_gmt":"2025-10-13T03:49:49","slug":"solutions-pour-la-nutrition-animale","status":"publish","type":"page","link":"https:\/\/begonia.tn\/?page_id=13947&lang=fr","title":{"rendered":"Solutions pour la nutrition animale"},"content":{"rendered":"\t\t<div data-elementor-type=\"wp-page\" data-elementor-id=\"13947\" class=\"elementor elementor-13947\">\n\t\t\t\t<div class=\"no-position  elementor-element elementor-element-42bbb0e e-flex e-con-boxed e-con e-parent\" data-id=\"42bbb0e\" data-element_type=\"container\" data-e-type=\"container\" data-settings=\"{&quot;background_background&quot;:&quot;classic&quot;}\">\n\t\t\t\t\t<div class=\"e-con-inner\">\n\t\t<div class=\"no-position  elementor-element elementor-element-125382f e-con-full e-flex e-con e-child\" data-id=\"125382f\" data-element_type=\"container\" data-e-type=\"container\">\n\t\t\t\t<div class=\"elementor-element elementor-element-d634e70 gsap-move-no rs-tween_max_btn-no elementor-widget elementor-widget-rs-heading\" data-id=\"d634e70\" data-element_type=\"widget\" data-e-type=\"widget\" data-widget_type=\"rs-heading.default\">\n\t\t\t\t<div class=\"elementor-widget-container\">\n\t\t\t\t\t\n\t\t<div class=\"prelements-heading style1    animate-\">\n\t\t\t<div class=\"title-inner\">\n\t\t\t\t\t\t\t\t\t<span class=\"sub-text\">\n\t\t\t\t\t\t<svg xmlns=\"http:\/\/www.w3.org\/2000\/svg\" width=\"25\" height=\"9\" viewBox=\"0 0 25 9\" fill=\"none\"><path d=\"M0 0H9V9H0V0Z\" fill=\"#1BBBFF\"><\/path><path d=\"M9 4H25V5H9V4Z\" fill=\"#1BBBFF\"><\/path><\/svg>Solutions de nutrition animale<svg xmlns=\"http:\/\/www.w3.org\/2000\/svg\" width=\"25\" height=\"9\" viewBox=\"0 0 25 9\" fill=\"none\"><path d=\"M25 0H16V9H25V0Z\" fill=\"#1BBBFF\"><\/path><path d=\"M16 4H0V5H16V4Z\" fill=\"#1BBBFF\"><\/path><\/svg>\t\t\t\t\t<\/span>\n\t\t\t\t<h2 class=\"title rs-split-text-enable split-in-left\">Excellence nutritionnelle pour une croissance et des performances saines<\/h2>\n\t\t\t<\/div>\n\t\t\t\t\t\t\t<div class=\"description\">\n\t\t\t\t\t<p style=\"text-align: justify\">Chez Begonia, nous proposons des additifs alimentaires et des ingr\u00e9dients nutritionnels premium con\u00e7us pour soutenir le bien-\u00eatre animal, la croissance et l\u2019efficacit\u00e9 de la production. Nos solutions de nutrition animale allient des produits scientifiques \u00e0 un contr\u00f4le qualit\u00e9 strict pour garantir la coh\u00e9rence, la s\u00e9curit\u00e9 et la performance dans tous les secteurs : volaille, \u00e9levage, aquaculture et alimentation des animaux de compagnie.<\/p>\t\t\t\t<\/div>\n\t\t\t\t\t<\/div>\n\t\t\t\t<\/div>\n\t\t\t\t<\/div>\n\t\t\t\t<\/div>\n\t\t<div class=\"no-position  elementor-element elementor-element-3106a3d e-con-full e-flex e-con e-child\" data-id=\"3106a3d\" data-element_type=\"container\" data-e-type=\"container\">\n\t\t\t\t<div class=\"elementor-element elementor-element-92afa21 elementor-absolute gsap-move-no rs-tween_max_btn-no elementor-widget elementor-widget-rs-image\" data-id=\"92afa21\" data-element_type=\"widget\" data-e-type=\"widget\" data-settings=\"{&quot;_position&quot;:&quot;absolute&quot;}\" data-widget_type=\"rs-image.default\">\n\t\t\t\t<div class=\"elementor-widget-container\">\n\t\t\t\t\t\n        <div class=\"rs-image no ruler_image_no ruler_position_  \">\n                                                            <img decoding=\"async\" class=\"rs-multi-image  reverse- blend_unset\" src=\"https:\/\/begonia.tn\/wp-content\/uploads\/2025\/08\/about-line.png\" alt=\"about-line.png\"\/>\n                                                                        <\/div>   \n          \n    \t\t\t\t<\/div>\n\t\t\t\t<\/div>\n\t\t\t\t<div class=\"elementor-element elementor-element-eecb2e9 elementor-widget-tablet__width-inherit gsap-move-no rs-tween_max_btn-no elementor-widget elementor-widget-rs-image\" data-id=\"eecb2e9\" data-element_type=\"widget\" data-e-type=\"widget\" data-widget_type=\"rs-image.default\">\n\t\t\t\t<div class=\"elementor-widget-container\">\n\t\t\t\t\t\n        <div class=\"rs-image no ruler_image_no ruler_position_  \">\n                                                            <img decoding=\"async\" class=\"rs-multi-image  reverse- blend_unset\" src=\"https:\/\/begonia.tn\/wp-content\/uploads\/2025\/09\/veterinary-lab-robe-standing-cowshed-scaled.jpg\" alt=\"Veterinary in lab robe standing at cowshed\"\/>\n                                                                        <\/div>   \n          \n    \t\t\t\t<\/div>\n\t\t\t\t<\/div>\n\t\t\t\t<\/div>\n\t\t\t\t\t<\/div>\n\t\t\t\t<\/div>\n\t\t<div class=\"no-position  elementor-element elementor-element-f289dfa e-flex e-con-boxed e-con e-parent\" data-id=\"f289dfa\" data-element_type=\"container\" data-e-type=\"container\">\n\t\t\t\t\t<div class=\"e-con-inner\">\n\t\t\t\t<div class=\"elementor-element elementor-element-7bbff4e gsap-move-no rs-tween_max_btn-no elementor-widget elementor-widget-rsportfolio\" data-id=\"7bbff4e\" data-element_type=\"widget\" data-e-type=\"widget\" data-widget_type=\"rsportfolio.default\">\n\t\t\t\t<div class=\"elementor-widget-container\">\n\t\t\t\t\t\t\t<div class=\"rs-portfolios-grid rs-portfolio-style1 rsaddon_pro_box image-zoom-effect-disable glass-effect-yes\">\n\t\t\t\t\t\t\t<div class=\"row\">\n\t\t\t\t\t\t\t\t\t\t\t<div class=\"col-lg-4 col-md-4 col-xs-1 grid-item col-sm-\">\n\t\t\t\t\t\t\n\t\t\t\t\t\t\t\t\t\t\t\t\t<div class=\"portfolio-item content-overlay manual-portfolio unique-7bbff4e_5110\">\n\t\t\t\t\t\t\t\t\t\t\t\t\t\t\t\t\t<div class=\"portfolio-img\">\n\t\t\t\t\t\t\t\t\t\t<img decoding=\"async\" src=\"https:\/\/begonia.tn\/wp-content\/uploads\/2025\/09\/Poultry.png\" alt=\"Volaille\">\n\t\t\t\t\t\t\t\t\t\t\t\t\t\t\t\t\t\t\t\t<div class=\"img-overlay\"><\/div>\n\t\t\t\t\t\t\t\t\t<\/div>\n\t\t\t\t\t\t\t\t\t\t\t\t\t\t\t\t<div class=\"portfolio-details\">\n\t\t\t\t\t\t\t\t\t<div class=\"p-category\">\n\t\t\t\t\t\t\t\t\t\t<a href=\"#\"><\/a>\n\t\t\t\t\t\t\t\t\t<\/div>\n\t\t\t\t\t\t\t\t\t<h4 class=\"p-title\"><a href=\"\"  target=\"_blank\"  rel=\"nofollow\">Volaille<\/a><\/h4>\n\t\t\t\t\t\t\t\t<\/div>\n\t\t\t\t\t\t\t<\/div>\n\t\t\t\t\t\t\t\t\t\t\t\t<\/div>\n\t\t\t\t\t\t\t\t\t\t\t<div class=\"col-lg-4 col-md-4 col-xs-1 grid-item col-sm-\">\n\t\t\t\t\t\t\n\t\t\t\t\t\t\t\t\t\t\t\t\t<div class=\"portfolio-item content-overlay manual-portfolio unique-7bbff4e_4938\">\n\t\t\t\t\t\t\t\t\t\t\t\t\t\t\t\t\t<div class=\"portfolio-img\">\n\t\t\t\t\t\t\t\t\t\t<img decoding=\"async\" src=\"https:\/\/begonia.tn\/wp-content\/uploads\/2025\/09\/Ruminants.png\" alt=\"Ruminants\">\n\t\t\t\t\t\t\t\t\t\t\t\t\t\t\t\t\t\t\t\t<div class=\"img-overlay\"><\/div>\n\t\t\t\t\t\t\t\t\t<\/div>\n\t\t\t\t\t\t\t\t\t\t\t\t\t\t\t\t<div class=\"portfolio-details\">\n\t\t\t\t\t\t\t\t\t<div class=\"p-category\">\n\t\t\t\t\t\t\t\t\t\t<a href=\"#\"><\/a>\n\t\t\t\t\t\t\t\t\t<\/div>\n\t\t\t\t\t\t\t\t\t<h4 class=\"p-title\"><a href=\"\"  target=\"_blank\"  rel=\"nofollow\">Ruminants<\/a><\/h4>\n\t\t\t\t\t\t\t\t<\/div>\n\t\t\t\t\t\t\t<\/div>\n\t\t\t\t\t\t\t\t\t\t\t\t<\/div>\n\t\t\t\t\t\t\t\t\t\t\t<div class=\"col-lg-4 col-md-4 col-xs-1 grid-item col-sm-\">\n\t\t\t\t\t\t\n\t\t\t\t\t\t\t\t\t\t\t\t\t<div class=\"portfolio-item content-overlay manual-portfolio unique-7bbff4e_4967\">\n\t\t\t\t\t\t\t\t\t\t\t\t\t\t\t\t\t<div class=\"portfolio-img\">\n\t\t\t\t\t\t\t\t\t\t<img decoding=\"async\" src=\"https:\/\/begonia.tn\/wp-content\/uploads\/2025\/09\/Companion-Animals.png\" alt=\"Animaux de compagnie\">\n\t\t\t\t\t\t\t\t\t\t\t\t\t\t\t\t\t\t\t\t<div class=\"img-overlay\"><\/div>\n\t\t\t\t\t\t\t\t\t<\/div>\n\t\t\t\t\t\t\t\t\t\t\t\t\t\t\t\t<div class=\"portfolio-details\">\n\t\t\t\t\t\t\t\t\t<div class=\"p-category\">\n\t\t\t\t\t\t\t\t\t\t<a href=\"#\"><\/a>\n\t\t\t\t\t\t\t\t\t<\/div>\n\t\t\t\t\t\t\t\t\t<h4 class=\"p-title\"><a href=\"\"  target=\"_blank\"  rel=\"nofollow\">Animaux de compagnie<\/a><\/h4>\n\t\t\t\t\t\t\t\t<\/div>\n\t\t\t\t\t\t\t<\/div>\n\t\t\t\t\t\t\t\t\t\t\t\t<\/div>\n\t\t\t\t\t\t\t\t\t<\/div>\n\t\t\t\t\t\t\t\t\t<\/div>\n\t\t\n\t\t\t\t<style>\n\t\t\t\/* Center title on image for Manual Portfolio - All Styles *\/\n\t\t\t.rs-portfolio-style1 .manual-portfolio,\n\t\t\t.rs-portfolio-style2 .manual-portfolio,\n\t\t\t.rs-portfolio-style3 .manual-portfolio,\n\t\t\t.rs-portfolio-style4 .manual-portfolio {\n\t\t\t\tposition: relative;\n\t\t\t\toverflow: hidden;\n\t\t\t}\n\t\t\t\n\t\t\t.rs-portfolio-style1 .manual-portfolio .portfolio-img,\n\t\t\t.rs-portfolio-style2 .manual-portfolio .portfolio-img,\n\t\t\t.rs-portfolio-style3 .manual-portfolio .portfolio-img,\n\t\t\t.rs-portfolio-style4 .manual-portfolio .portfolio-img {\n\t\t\t\tposition: relative;\n\t\t\t}\n\t\t\t\n\t\t\t\/* Style 1 - Center title on image *\/\n\t\t\t.rs-portfolio-style1 .manual-portfolio .portfolio-details {\n\t\t\t\tposition: absolute;\n\t\t\t\ttop: 50%;\n\t\t\t\tleft: 50%;\n\t\t\t\ttransform: translate(-50%, -50%);\n\t\t\t\ttext-align: center;\n\t\t\t\twidth: 100%;\n\t\t\t\tz-index: 10;\n\t\t\t\tpointer-events: none;\n\t\t\t}\n\t\t\t\n\t\t\t.rs-portfolio-style1 .manual-portfolio .portfolio-details .p-title a {\n\t\t\t\tpointer-events: auto;\n\t\t\t}\n\t\t\t\n\t\t\t\/* Style 2 - Center title on image *\/\n\t\t\t.rs-portfolio-style2 .manual-portfolio .portfolio-details {\n\t\t\t\tposition: absolute;\n\t\t\t\ttop: 50%;\n\t\t\t\tleft: 50%;\n\t\t\t\ttransform: translate(-50%, -50%);\n\t\t\t\ttext-align: center;\n\t\t\t\twidth: 100%;\n\t\t\t\tz-index: 10;\n\t\t\t\tpointer-events: none;\n\t\t\t}\n\t\t\t\n\t\t\t.rs-portfolio-style2 .manual-portfolio .portfolio-details .p-title a {\n\t\t\t\tpointer-events: auto;\n\t\t\t}\n\t\t\t\n\t\t\t\/* Style 3 - Center title on image *\/\n\t\t\t.rs-portfolio-style3 .manual-portfolio .portfolio-content {\n\t\t\t\tposition: absolute;\n\t\t\t\ttop: 50%;\n\t\t\t\tleft: 50%;\n\t\t\t\ttransform: translate(-50%, -50%);\n\t\t\t\ttext-align: center;\n\t\t\t\twidth: 100%;\n\t\t\t\tz-index: 10;\n\t\t\t\tpointer-events: none;\n\t\t\t}\n\t\t\t\n\t\t\t.rs-portfolio-style3 .manual-portfolio .portfolio-content a {\n\t\t\t\tpointer-events: auto;\n\t\t\t}\n\t\t\t\n\t\t\t\/* Style 4 - Center title on image *\/\n\t\t\t.rs-portfolio-style4 .manual-portfolio .portfolio-content {\n\t\t\t\tposition: absolute;\n\t\t\t\ttop: 50%;\n\t\t\t\tleft: 50%;\n\t\t\t\ttransform: translate(-50%, -50%);\n\t\t\t\ttext-align: center;\n\t\t\t\twidth: 100%;\n\t\t\t\tz-index: 10;\n\t\t\t\tpointer-events: none;\n\t\t\t}\n\t\t\t\n\t\t\t.rs-portfolio-style4 .manual-portfolio .portfolio-content a {\n\t\t\t\tpointer-events: auto;\n\t\t\t}\n\t\t\t\n\t\t\t\/* Ensure title is visible and styled *\/\n\t\t\t.rs-portfolio-style1 .manual-portfolio .p-title,\n\t\t\t.rs-portfolio-style2 .manual-portfolio .p-title,\n\t\t\t.rs-portfolio-style3 .manual-portfolio .p-title,\n\t\t\t.rs-portfolio-style4 .manual-portfolio .p-title {\n\t\t\t\tcolor: #fff !important;\n\t\t\t\ttext-shadow: 0 2px 8px rgba(0,0,0,0.8), 0 0 2px rgba(0,0,0,0.5);\n\t\t\t\tmargin: 0;\n\t\t\t\tfont-weight: 600;\n\t\t\t}\n\t\t\t\n\t\t\t.rs-portfolio-style1 .manual-portfolio .p-title a,\n\t\t\t.rs-portfolio-style2 .manual-portfolio .p-title a,\n\t\t\t.rs-portfolio-style3 .manual-portfolio .p-title a,\n\t\t\t.rs-portfolio-style4 .manual-portfolio .p-title a {\n\t\t\t\tcolor: #fff !important;\n\t\t\t}\n\t\t\t\n\t\t\t\/* Hide category in manual portfolio for cleaner centered title *\/\n\t\t\t.rs-portfolio-style1 .manual-portfolio .p-category,\n\t\t\t.rs-portfolio-style2 .manual-portfolio .p-category,\n\t\t\t.rs-portfolio-style3 .manual-portfolio .p-category,\n\t\t\t.rs-portfolio-style4 .manual-portfolio .p-category {\n\t\t\t\tdisplay: none;\n\t\t\t}\n\t\t<\/style>\n\t\t\t\t\t\t\t<\/div>\n\t\t\t\t<\/div>\n\t\t\t\t\t<\/div>\n\t\t\t\t<\/div>\n\t\t\t\t<\/div>\n\t\t","protected":false},"excerpt":{"rendered":"<p>Solutions de nutrition animale Excellence nutritionnelle pour une croissance et des performances saines Chez Begonia, nous proposons des additifs alimentaires et des ingr\u00e9dients nutritionnels premium con\u00e7us pour soutenir le bien-\u00eatre animal, la croissance et l\u2019efficacit\u00e9 de la production. Nos solutions de nutrition animale allient des produits scientifiques \u00e0 un contr\u00f4le qualit\u00e9 strict pour garantir la&#8230;<\/p>\n","protected":false},"author":1,"featured_media":0,"parent":0,"menu_order":0,"comment_status":"closed","ping_status":"closed","template":"elementor_header_footer","meta":{"_acf_changed":false,"footnotes":""},"class_list":["post-13947","page","type-page","status-publish","hentry"],"acf":[],"_links":{"self":[{"href":"https:\/\/begonia.tn\/index.php?rest_route=\/wp\/v2\/pages\/13947","targetHints":{"allow":["GET"]}}],"collection":[{"href":"https:\/\/begonia.tn\/index.php?rest_route=\/wp\/v2\/pages"}],"about":[{"href":"https:\/\/begonia.tn\/index.php?rest_route=\/wp\/v2\/types\/page"}],"author":[{"embeddable":true,"href":"https:\/\/begonia.tn\/index.php?rest_route=\/wp\/v2\/users\/1"}],"replies":[{"embeddable":true,"href":"https:\/\/begonia.tn\/index.php?rest_route=%2Fwp%2Fv2%2Fcomments&post=13947"}],"version-history":[{"count":0,"href":"https:\/\/begonia.tn\/index.php?rest_route=\/wp\/v2\/pages\/13947\/revisions"}],"wp:attachment":[{"href":"https:\/\/begonia.tn\/index.php?rest_route=%2Fwp%2Fv2%2Fmedia&parent=13947"}],"curies":[{"name":"wp","href":"https:\/\/api.w.org\/{rel}","templated":true}]}}