{"id":13942,"date":"2025-10-13T03:45:40","date_gmt":"2025-10-13T03:45:40","guid":{"rendered":"https:\/\/begonia.tn\/?page_id=13942"},"modified":"2025-10-13T03:46:43","modified_gmt":"2025-10-13T03:46:43","slug":"solutions-pour-la-peinture-et-la-construction","status":"publish","type":"page","link":"https:\/\/begonia.tn\/?page_id=13942&lang=fr","title":{"rendered":"Solutions pour la peinture et la construction"},"content":{"rendered":"\t\t<div data-elementor-type=\"wp-page\" data-elementor-id=\"13942\" class=\"elementor elementor-13942\">\n\t\t\t\t<div class=\"no-position  elementor-element elementor-element-335ed5d e-flex e-con-boxed e-con e-parent\" data-id=\"335ed5d\" data-element_type=\"container\" data-e-type=\"container\" data-settings=\"{&quot;background_background&quot;:&quot;classic&quot;}\">\n\t\t\t\t\t<div class=\"e-con-inner\">\n\t\t<div class=\"no-position  elementor-element elementor-element-c16c144 e-con-full e-flex e-con e-child\" data-id=\"c16c144\" data-element_type=\"container\" data-e-type=\"container\">\n\t\t\t\t<div class=\"elementor-element elementor-element-c4e77c6 gsap-move-no rs-tween_max_btn-no elementor-widget elementor-widget-rs-heading\" data-id=\"c4e77c6\" data-element_type=\"widget\" data-e-type=\"widget\" data-widget_type=\"rs-heading.default\">\n\t\t\t\t<div class=\"elementor-widget-container\">\n\t\t\t\t\t\n\t\t<div class=\"prelements-heading style1    animate-\">\n\t\t\t<div class=\"title-inner\">\n\t\t\t\t\t\t\t\t\t<span class=\"sub-text\">\n\t\t\t\t\t\t<svg xmlns=\"http:\/\/www.w3.org\/2000\/svg\" width=\"25\" height=\"9\" viewBox=\"0 0 25 9\" fill=\"none\"><path d=\"M0 0H9V9H0V0Z\" fill=\"#1BBBFF\"><\/path><path d=\"M9 4H25V5H9V4Z\" fill=\"#1BBBFF\"><\/path><\/svg>Solutions Peinture & Construction<svg xmlns=\"http:\/\/www.w3.org\/2000\/svg\" width=\"25\" height=\"9\" viewBox=\"0 0 25 9\" fill=\"none\"><path d=\"M25 0H16V9H25V0Z\" fill=\"#1BBBFF\"><\/path><path d=\"M16 4H0V5H16V4Z\" fill=\"#1BBBFF\"><\/path><\/svg>\t\t\t\t\t<\/span>\n\t\t\t\t<h2 class=\"title rs-split-text-enable split-in-left\">Des solutions performantes pour tous les besoins en construction et rev\u00eatement<\/h2>\n\t\t\t<\/div>\n\t\t\t\t\t\t\t<div class=\"description\">\n\t\t\t\t\t<article class=\"text-token-text-primary w-full focus:outline-none [--shadow-height:45px] has-data-writing-block:pointer-events-none has-data-writing-block:-mt-(--shadow-height) has-data-writing-block:pt-(--shadow-height) [&amp;:has([data-writing-block])&gt;*]:pointer-events-auto scroll-mt-[calc(var(--header-height)+min(200px,max(70px,20svh)))]\" dir=\"auto\" data-turn-id=\"request-WEB:48e64a92-6295-4bc7-8e0f-b12d26aa7f93-33\" data-testid=\"conversation-turn-68\" data-scroll-anchor=\"true\" data-turn=\"assistant\"><div class=\"text-base my-auto mx-auto pb-10 [--thread-content-margin:--spacing(4)] thread-sm:[--thread-content-margin:--spacing(6)] thread-lg:[--thread-content-margin:--spacing(16)] px-(--thread-content-margin)\"><div class=\"[--thread-content-max-width:40rem] thread-lg:[--thread-content-max-width:48rem] mx-auto max-w-(--thread-content-max-width) flex-1 group\/turn-messages focus-visible:outline-hidden relative flex w-full min-w-0 flex-col agent-turn\"><div class=\"flex max-w-full flex-col grow\"><div class=\"min-h-8 text-message relative flex w-full flex-col items-end gap-2 text-start break-words whitespace-normal [.text-message+&amp;]:mt-1\" dir=\"auto\" data-message-author-role=\"assistant\" data-message-id=\"0f40aa3e-2551-434a-8cbc-c64c5bdfefe5\" data-message-model-slug=\"gpt-5-mini\"><div class=\"flex w-full flex-col gap-1 empty:hidden first:pt-[1px]\"><div class=\"markdown prose dark:prose-invert w-full break-words light markdown-new-styling\"><p data-start=\"0\" data-end=\"537\" data-is-last-node=\"\" data-is-only-node=\"\">Nous proposons des ingr\u00e9dients et des formulations premium pour une large gamme de solutions en peinture et construction, incluant les rev\u00eatements automobiles et marins, les peintures d\u00e9coratives, les rev\u00eatements pour bois, les rev\u00eatements en bobine et industriels, les syst\u00e8mes \u00e9poxy et PU, les mortiers secs et joints, les m\u00e9langes pour b\u00e9ton, ainsi que les produits d\u2019\u00e9tanch\u00e9it\u00e9 et d\u2019imperm\u00e9abilisation. Nos produits sont soigneusement con\u00e7us pour garantir une protection durable, des finitions \u00e9clatantes et des performances fiables.<\/p><\/div><\/div><\/div><\/div><\/div><\/div><\/article>\t\t\t\t<\/div>\n\t\t\t\t\t<\/div>\n\t\t\t\t<\/div>\n\t\t\t\t<\/div>\n\t\t\t\t<\/div>\n\t\t<div class=\"no-position  elementor-element elementor-element-f9c16bf e-con-full e-flex e-con e-child\" data-id=\"f9c16bf\" data-element_type=\"container\" data-e-type=\"container\">\n\t\t\t\t<div class=\"elementor-element elementor-element-ec5b2fa elementor-absolute gsap-move-no rs-tween_max_btn-no elementor-widget elementor-widget-rs-image\" data-id=\"ec5b2fa\" data-element_type=\"widget\" data-e-type=\"widget\" data-settings=\"{&quot;_position&quot;:&quot;absolute&quot;}\" data-widget_type=\"rs-image.default\">\n\t\t\t\t<div class=\"elementor-widget-container\">\n\t\t\t\t\t\n        <div class=\"rs-image no ruler_image_no ruler_position_  \">\n                                                            <img decoding=\"async\" class=\"rs-multi-image  reverse- blend_unset\" src=\"https:\/\/begonia.tn\/wp-content\/uploads\/2025\/08\/about-line.png\" alt=\"about-line.png\"\/>\n                                                                        <\/div>   \n          \n    \t\t\t\t<\/div>\n\t\t\t\t<\/div>\n\t\t\t\t<div class=\"elementor-element elementor-element-ed9267f elementor-widget-tablet__width-inherit gsap-move-no rs-tween_max_btn-no elementor-widget elementor-widget-rs-image\" data-id=\"ed9267f\" data-element_type=\"widget\" data-e-type=\"widget\" data-widget_type=\"rs-image.default\">\n\t\t\t\t<div class=\"elementor-widget-container\">\n\t\t\t\t\t\n        <div class=\"rs-image no ruler_image_no ruler_position_  \">\n                                                            <img decoding=\"async\" class=\"rs-multi-image  reverse- blend_unset\" src=\"http:\/\/localhost\/Begonia\/wp-content\/uploads\/2025\/09\/Construction-and-Coating.webp\" alt=\"Construction and Coating\"\/>\n                                                                        <\/div>   \n          \n    \t\t\t\t<\/div>\n\t\t\t\t<\/div>\n\t\t\t\t<\/div>\n\t\t\t\t\t<\/div>\n\t\t\t\t<\/div>\n\t\t<div class=\"no-position  elementor-element elementor-element-60053be e-flex e-con-boxed e-con e-parent\" data-id=\"60053be\" data-element_type=\"container\" data-e-type=\"container\">\n\t\t\t\t\t<div class=\"e-con-inner\">\n\t\t\t\t<div class=\"elementor-element elementor-element-e558a9f gsap-move-no rs-tween_max_btn-no elementor-widget elementor-widget-rsportfolio\" data-id=\"e558a9f\" data-element_type=\"widget\" data-e-type=\"widget\" data-widget_type=\"rsportfolio.default\">\n\t\t\t\t<div class=\"elementor-widget-container\">\n\t\t\t\t\t\t\t<div class=\"rs-portfolios-grid rs-portfolio-style1 rsaddon_pro_box image-zoom-effect-disable glass-effect-yes\">\n\t\t\t\t\t\t\t<div class=\"row\">\n\t\t\t\t\t\t\t\t\t\t\t<div class=\"col-lg-3 col-md-3 col-xs-1 grid-item col-sm-\">\n\t\t\t\t\t\t\n\t\t\t\t\t\t\t\t\t\t\t\t\t<div class=\"portfolio-item content-overlay manual-portfolio unique-e558a9f_4738\">\n\t\t\t\t\t\t\t\t\t\t\t\t\t\t\t\t\t<div class=\"portfolio-img\">\n\t\t\t\t\t\t\t\t\t\t<img decoding=\"async\" src=\"http:\/\/localhost\/Begonia\/wp-content\/uploads\/2025\/09\/Automotive-Marine.webp\" alt=\"Automotive\">\n\t\t\t\t\t\t\t\t\t\t\t\t\t\t\t\t\t\t\t\t<div class=\"img-overlay\"><\/div>\n\t\t\t\t\t\t\t\t\t<\/div>\n\t\t\t\t\t\t\t\t\t\t\t\t\t\t\t\t<div class=\"portfolio-details\">\n\t\t\t\t\t\t\t\t\t<div class=\"p-category\">\n\t\t\t\t\t\t\t\t\t\t<a href=\"#\"><\/a>\n\t\t\t\t\t\t\t\t\t<\/div>\n\t\t\t\t\t\t\t\t\t<h4 class=\"p-title\"><a href=\"#\"  >Automotive<\/a><\/h4>\n\t\t\t\t\t\t\t\t<\/div>\n\t\t\t\t\t\t\t<\/div>\n\t\t\t\t\t\t\t\t\t\t\t\t<\/div>\n\t\t\t\t\t\t\t\t\t\t\t<div class=\"col-lg-3 col-md-3 col-xs-1 grid-item col-sm-\">\n\t\t\t\t\t\t\n\t\t\t\t\t\t\t\t\t\t\t\t\t<div class=\"portfolio-item content-overlay manual-portfolio unique-e558a9f_5363\">\n\t\t\t\t\t\t\t\t\t\t\t\t\t\t\t\t\t<div class=\"portfolio-img\">\n\t\t\t\t\t\t\t\t\t\t<img decoding=\"async\" src=\"http:\/\/localhost\/Begonia\/wp-content\/uploads\/2025\/09\/Decorative-Coatings.webp\" alt=\"Decorative Coatings\">\n\t\t\t\t\t\t\t\t\t\t\t\t\t\t\t\t\t\t\t\t<div class=\"img-overlay\"><\/div>\n\t\t\t\t\t\t\t\t\t<\/div>\n\t\t\t\t\t\t\t\t\t\t\t\t\t\t\t\t<div class=\"portfolio-details\">\n\t\t\t\t\t\t\t\t\t<div class=\"p-category\">\n\t\t\t\t\t\t\t\t\t\t<a href=\"#\"><\/a>\n\t\t\t\t\t\t\t\t\t<\/div>\n\t\t\t\t\t\t\t\t\t<h4 class=\"p-title\"><a href=\"#\"  >Decorative Coatings<\/a><\/h4>\n\t\t\t\t\t\t\t\t<\/div>\n\t\t\t\t\t\t\t<\/div>\n\t\t\t\t\t\t\t\t\t\t\t\t<\/div>\n\t\t\t\t\t\t\t\t\t\t\t<div class=\"col-lg-3 col-md-3 col-xs-1 grid-item col-sm-\">\n\t\t\t\t\t\t\n\t\t\t\t\t\t\t\t\t\t\t\t\t<div class=\"portfolio-item content-overlay manual-portfolio unique-e558a9f_4633\">\n\t\t\t\t\t\t\t\t\t\t\t\t\t\t\t\t\t<div class=\"portfolio-img\">\n\t\t\t\t\t\t\t\t\t\t<img decoding=\"async\" src=\"http:\/\/localhost\/Begonia\/wp-content\/uploads\/2025\/09\/Wood-Coatings.webp\" alt=\"Wood Coatings\">\n\t\t\t\t\t\t\t\t\t\t\t\t\t\t\t\t\t\t\t\t<div class=\"img-overlay\"><\/div>\n\t\t\t\t\t\t\t\t\t<\/div>\n\t\t\t\t\t\t\t\t\t\t\t\t\t\t\t\t<div class=\"portfolio-details\">\n\t\t\t\t\t\t\t\t\t<div class=\"p-category\">\n\t\t\t\t\t\t\t\t\t\t<a href=\"#\"><\/a>\n\t\t\t\t\t\t\t\t\t<\/div>\n\t\t\t\t\t\t\t\t\t<h4 class=\"p-title\"><a href=\"#\"  >Wood Coatings<\/a><\/h4>\n\t\t\t\t\t\t\t\t<\/div>\n\t\t\t\t\t\t\t<\/div>\n\t\t\t\t\t\t\t\t\t\t\t\t<\/div>\n\t\t\t\t\t\t\t\t\t\t\t<div class=\"col-lg-3 col-md-3 col-xs-1 grid-item col-sm-\">\n\t\t\t\t\t\t\n\t\t\t\t\t\t\t\t\t\t\t\t\t<div class=\"portfolio-item content-overlay manual-portfolio unique-e558a9f_4585\">\n\t\t\t\t\t\t\t\t\t\t\t\t\t\t\t\t\t<div class=\"portfolio-img\">\n\t\t\t\t\t\t\t\t\t\t<img decoding=\"async\" src=\"http:\/\/localhost\/Begonia\/wp-content\/uploads\/2025\/09\/Industrial-Coating.webp\" alt=\"Industrial Coating\">\n\t\t\t\t\t\t\t\t\t\t\t\t\t\t\t\t\t\t\t\t<div class=\"img-overlay\"><\/div>\n\t\t\t\t\t\t\t\t\t<\/div>\n\t\t\t\t\t\t\t\t\t\t\t\t\t\t\t\t<div class=\"portfolio-details\">\n\t\t\t\t\t\t\t\t\t<div class=\"p-category\">\n\t\t\t\t\t\t\t\t\t\t<a href=\"#\"><\/a>\n\t\t\t\t\t\t\t\t\t<\/div>\n\t\t\t\t\t\t\t\t\t<h4 class=\"p-title\"><a href=\"#\"  >Industrial Coating<\/a><\/h4>\n\t\t\t\t\t\t\t\t<\/div>\n\t\t\t\t\t\t\t<\/div>\n\t\t\t\t\t\t\t\t\t\t\t\t<\/div>\n\t\t\t\t\t\t\t\t\t\t\t<div class=\"col-lg-3 col-md-3 col-xs-1 grid-item col-sm-\">\n\t\t\t\t\t\t\n\t\t\t\t\t\t\t\t\t\t\t\t\t<div class=\"portfolio-item content-overlay manual-portfolio unique-e558a9f_5056\">\n\t\t\t\t\t\t\t\t\t\t\t\t\t\t\t\t\t<div class=\"portfolio-img\">\n\t\t\t\t\t\t\t\t\t\t<img decoding=\"async\" src=\"http:\/\/localhost\/Begonia\/wp-content\/uploads\/2025\/09\/Epoxy-PU-Systems-1.webp\" alt=\"Epoxy &amp; PU Systems\">\n\t\t\t\t\t\t\t\t\t\t\t\t\t\t\t\t\t\t\t\t<div class=\"img-overlay\"><\/div>\n\t\t\t\t\t\t\t\t\t<\/div>\n\t\t\t\t\t\t\t\t\t\t\t\t\t\t\t\t<div class=\"portfolio-details\">\n\t\t\t\t\t\t\t\t\t<div class=\"p-category\">\n\t\t\t\t\t\t\t\t\t\t<a href=\"#\"><\/a>\n\t\t\t\t\t\t\t\t\t<\/div>\n\t\t\t\t\t\t\t\t\t<h4 class=\"p-title\"><a href=\"#\"  >Epoxy &amp; PU Systems<\/a><\/h4>\n\t\t\t\t\t\t\t\t<\/div>\n\t\t\t\t\t\t\t<\/div>\n\t\t\t\t\t\t\t\t\t\t\t\t<\/div>\n\t\t\t\t\t\t\t\t\t\t\t<div class=\"col-lg-3 col-md-3 col-xs-1 grid-item col-sm-\">\n\t\t\t\t\t\t\n\t\t\t\t\t\t\t\t\t\t\t\t\t<div class=\"portfolio-item content-overlay manual-portfolio unique-e558a9f_5428\">\n\t\t\t\t\t\t\t\t\t\t\t\t\t\t\t\t\t<div class=\"portfolio-img\">\n\t\t\t\t\t\t\t\t\t\t<img decoding=\"async\" src=\"http:\/\/localhost\/Begonia\/wp-content\/uploads\/2025\/09\/Dry-Mortar-Grouts.webp\" alt=\"Dry Mortar &amp; Grouts\">\n\t\t\t\t\t\t\t\t\t\t\t\t\t\t\t\t\t\t\t\t<div class=\"img-overlay\"><\/div>\n\t\t\t\t\t\t\t\t\t<\/div>\n\t\t\t\t\t\t\t\t\t\t\t\t\t\t\t\t<div class=\"portfolio-details\">\n\t\t\t\t\t\t\t\t\t<div class=\"p-category\">\n\t\t\t\t\t\t\t\t\t\t<a href=\"#\"><\/a>\n\t\t\t\t\t\t\t\t\t<\/div>\n\t\t\t\t\t\t\t\t\t<h4 class=\"p-title\"><a href=\"#\"  >Dry Mortar &amp; Grouts<\/a><\/h4>\n\t\t\t\t\t\t\t\t<\/div>\n\t\t\t\t\t\t\t<\/div>\n\t\t\t\t\t\t\t\t\t\t\t\t<\/div>\n\t\t\t\t\t\t\t\t\t\t\t<div class=\"col-lg-3 col-md-3 col-xs-1 grid-item col-sm-\">\n\t\t\t\t\t\t\n\t\t\t\t\t\t\t\t\t\t\t\t\t<div class=\"portfolio-item content-overlay manual-portfolio unique-e558a9f_5335\">\n\t\t\t\t\t\t\t\t\t\t\t\t\t\t\t\t\t<div class=\"portfolio-img\">\n\t\t\t\t\t\t\t\t\t\t<img decoding=\"async\" src=\"http:\/\/localhost\/Begonia\/wp-content\/uploads\/2025\/09\/Concrete-Mixtures.webp\" alt=\"Concrete Mixtures\">\n\t\t\t\t\t\t\t\t\t\t\t\t\t\t\t\t\t\t\t\t<div class=\"img-overlay\"><\/div>\n\t\t\t\t\t\t\t\t\t<\/div>\n\t\t\t\t\t\t\t\t\t\t\t\t\t\t\t\t<div class=\"portfolio-details\">\n\t\t\t\t\t\t\t\t\t<div class=\"p-category\">\n\t\t\t\t\t\t\t\t\t\t<a href=\"#\"><\/a>\n\t\t\t\t\t\t\t\t\t<\/div>\n\t\t\t\t\t\t\t\t\t<h4 class=\"p-title\"><a href=\"#\"  >Concrete Mixtures<\/a><\/h4>\n\t\t\t\t\t\t\t\t<\/div>\n\t\t\t\t\t\t\t<\/div>\n\t\t\t\t\t\t\t\t\t\t\t\t<\/div>\n\t\t\t\t\t\t\t\t\t\t\t<div class=\"col-lg-3 col-md-3 col-xs-1 grid-item col-sm-\">\n\t\t\t\t\t\t\n\t\t\t\t\t\t\t\t\t\t\t\t\t<div class=\"portfolio-item content-overlay manual-portfolio unique-e558a9f_5408\">\n\t\t\t\t\t\t\t\t\t\t\t\t\t\t\t\t\t<div class=\"portfolio-img\">\n\t\t\t\t\t\t\t\t\t\t<img decoding=\"async\" src=\"http:\/\/localhost\/Begonia\/wp-content\/uploads\/2025\/09\/Waterproofing.webp\" alt=\"Waterproofing\">\n\t\t\t\t\t\t\t\t\t\t\t\t\t\t\t\t\t\t\t\t<div class=\"img-overlay\"><\/div>\n\t\t\t\t\t\t\t\t\t<\/div>\n\t\t\t\t\t\t\t\t\t\t\t\t\t\t\t\t<div class=\"portfolio-details\">\n\t\t\t\t\t\t\t\t\t<div class=\"p-category\">\n\t\t\t\t\t\t\t\t\t\t<a href=\"#\"><\/a>\n\t\t\t\t\t\t\t\t\t<\/div>\n\t\t\t\t\t\t\t\t\t<h4 class=\"p-title\"><a href=\"#\"  >Waterproofing<\/a><\/h4>\n\t\t\t\t\t\t\t\t<\/div>\n\t\t\t\t\t\t\t<\/div>\n\t\t\t\t\t\t\t\t\t\t\t\t<\/div>\n\t\t\t\t\t\t\t\t\t<\/div>\n\t\t\t\t\t\t\t\t\t<\/div>\n\t\t\n\t\t\t\t<style>\n\t\t\t\/* Center title on image for Manual Portfolio - All Styles *\/\n\t\t\t.rs-portfolio-style1 .manual-portfolio,\n\t\t\t.rs-portfolio-style2 .manual-portfolio,\n\t\t\t.rs-portfolio-style3 .manual-portfolio,\n\t\t\t.rs-portfolio-style4 .manual-portfolio {\n\t\t\t\tposition: relative;\n\t\t\t\toverflow: hidden;\n\t\t\t}\n\t\t\t\n\t\t\t.rs-portfolio-style1 .manual-portfolio .portfolio-img,\n\t\t\t.rs-portfolio-style2 .manual-portfolio .portfolio-img,\n\t\t\t.rs-portfolio-style3 .manual-portfolio .portfolio-img,\n\t\t\t.rs-portfolio-style4 .manual-portfolio .portfolio-img {\n\t\t\t\tposition: relative;\n\t\t\t}\n\t\t\t\n\t\t\t\/* Style 1 - Center title on image *\/\n\t\t\t.rs-portfolio-style1 .manual-portfolio .portfolio-details {\n\t\t\t\tposition: absolute;\n\t\t\t\ttop: 50%;\n\t\t\t\tleft: 50%;\n\t\t\t\ttransform: translate(-50%, -50%);\n\t\t\t\ttext-align: center;\n\t\t\t\twidth: 100%;\n\t\t\t\tz-index: 10;\n\t\t\t\tpointer-events: none;\n\t\t\t}\n\t\t\t\n\t\t\t.rs-portfolio-style1 .manual-portfolio .portfolio-details .p-title a {\n\t\t\t\tpointer-events: auto;\n\t\t\t}\n\t\t\t\n\t\t\t\/* Style 2 - Center title on image *\/\n\t\t\t.rs-portfolio-style2 .manual-portfolio .portfolio-details {\n\t\t\t\tposition: absolute;\n\t\t\t\ttop: 50%;\n\t\t\t\tleft: 50%;\n\t\t\t\ttransform: translate(-50%, -50%);\n\t\t\t\ttext-align: center;\n\t\t\t\twidth: 100%;\n\t\t\t\tz-index: 10;\n\t\t\t\tpointer-events: none;\n\t\t\t}\n\t\t\t\n\t\t\t.rs-portfolio-style2 .manual-portfolio .portfolio-details .p-title a {\n\t\t\t\tpointer-events: auto;\n\t\t\t}\n\t\t\t\n\t\t\t\/* Style 3 - Center title on image *\/\n\t\t\t.rs-portfolio-style3 .manual-portfolio .portfolio-content {\n\t\t\t\tposition: absolute;\n\t\t\t\ttop: 50%;\n\t\t\t\tleft: 50%;\n\t\t\t\ttransform: translate(-50%, -50%);\n\t\t\t\ttext-align: center;\n\t\t\t\twidth: 100%;\n\t\t\t\tz-index: 10;\n\t\t\t\tpointer-events: none;\n\t\t\t}\n\t\t\t\n\t\t\t.rs-portfolio-style3 .manual-portfolio .portfolio-content a {\n\t\t\t\tpointer-events: auto;\n\t\t\t}\n\t\t\t\n\t\t\t\/* Style 4 - Center title on image *\/\n\t\t\t.rs-portfolio-style4 .manual-portfolio .portfolio-content {\n\t\t\t\tposition: absolute;\n\t\t\t\ttop: 50%;\n\t\t\t\tleft: 50%;\n\t\t\t\ttransform: translate(-50%, -50%);\n\t\t\t\ttext-align: center;\n\t\t\t\twidth: 100%;\n\t\t\t\tz-index: 10;\n\t\t\t\tpointer-events: none;\n\t\t\t}\n\t\t\t\n\t\t\t.rs-portfolio-style4 .manual-portfolio .portfolio-content a {\n\t\t\t\tpointer-events: auto;\n\t\t\t}\n\t\t\t\n\t\t\t\/* Ensure title is visible and styled *\/\n\t\t\t.rs-portfolio-style1 .manual-portfolio .p-title,\n\t\t\t.rs-portfolio-style2 .manual-portfolio .p-title,\n\t\t\t.rs-portfolio-style3 .manual-portfolio .p-title,\n\t\t\t.rs-portfolio-style4 .manual-portfolio .p-title {\n\t\t\t\tcolor: #fff !important;\n\t\t\t\ttext-shadow: 0 2px 8px rgba(0,0,0,0.8), 0 0 2px rgba(0,0,0,0.5);\n\t\t\t\tmargin: 0;\n\t\t\t\tfont-weight: 600;\n\t\t\t}\n\t\t\t\n\t\t\t.rs-portfolio-style1 .manual-portfolio .p-title a,\n\t\t\t.rs-portfolio-style2 .manual-portfolio .p-title a,\n\t\t\t.rs-portfolio-style3 .manual-portfolio .p-title a,\n\t\t\t.rs-portfolio-style4 .manual-portfolio .p-title a {\n\t\t\t\tcolor: #fff !important;\n\t\t\t}\n\t\t\t\n\t\t\t\/* Hide category in manual portfolio for cleaner centered title *\/\n\t\t\t.rs-portfolio-style1 .manual-portfolio .p-category,\n\t\t\t.rs-portfolio-style2 .manual-portfolio .p-category,\n\t\t\t.rs-portfolio-style3 .manual-portfolio .p-category,\n\t\t\t.rs-portfolio-style4 .manual-portfolio .p-category {\n\t\t\t\tdisplay: none;\n\t\t\t}\n\t\t<\/style>\n\t\t\t\t\t\t\t<\/div>\n\t\t\t\t<\/div>\n\t\t\t\t\t<\/div>\n\t\t\t\t<\/div>\n\t\t\t\t<\/div>\n\t\t","protected":false},"excerpt":{"rendered":"<p>Solutions Peinture &#038; Construction Des solutions performantes pour tous les besoins en construction et rev\u00eatement Nous proposons des ingr\u00e9dients et des formulations premium pour une large gamme de solutions en peinture et construction, incluant les rev\u00eatements automobiles et marins, les peintures d\u00e9coratives, les rev\u00eatements pour bois, les rev\u00eatements en bobine et industriels, les syst\u00e8mes \u00e9poxy&#8230;<\/p>\n","protected":false},"author":1,"featured_media":0,"parent":0,"menu_order":0,"comment_status":"closed","ping_status":"closed","template":"elementor_header_footer","meta":{"_acf_changed":false,"footnotes":""},"class_list":["post-13942","page","type-page","status-publish","hentry"],"acf":[],"_links":{"self":[{"href":"https:\/\/begonia.tn\/index.php?rest_route=\/wp\/v2\/pages\/13942","targetHints":{"allow":["GET"]}}],"collection":[{"href":"https:\/\/begonia.tn\/index.php?rest_route=\/wp\/v2\/pages"}],"about":[{"href":"https:\/\/begonia.tn\/index.php?rest_route=\/wp\/v2\/types\/page"}],"author":[{"embeddable":true,"href":"https:\/\/begonia.tn\/index.php?rest_route=\/wp\/v2\/users\/1"}],"replies":[{"embeddable":true,"href":"https:\/\/begonia.tn\/index.php?rest_route=%2Fwp%2Fv2%2Fcomments&post=13942"}],"version-history":[{"count":0,"href":"https:\/\/begonia.tn\/index.php?rest_route=\/wp\/v2\/pages\/13942\/revisions"}],"wp:attachment":[{"href":"https:\/\/begonia.tn\/index.php?rest_route=%2Fwp%2Fv2%2Fmedia&parent=13942"}],"curies":[{"name":"wp","href":"https:\/\/api.w.org\/{rel}","templated":true}]}}