{"id":13925,"date":"2025-10-13T03:36:40","date_gmt":"2025-10-13T03:36:40","guid":{"rendered":"https:\/\/begonia.tn\/?page_id=13925"},"modified":"2025-10-13T03:38:06","modified_gmt":"2025-10-13T03:38:06","slug":"solutions-pharmaceutiques","status":"publish","type":"page","link":"https:\/\/begonia.tn\/?page_id=13925&lang=fr","title":{"rendered":"Solutions Pharmaceutiques"},"content":{"rendered":"\t\t<div data-elementor-type=\"wp-page\" data-elementor-id=\"13925\" class=\"elementor elementor-13925\">\n\t\t\t\t<div class=\"no-position  elementor-element elementor-element-b63a5de e-flex e-con-boxed e-con e-parent\" data-id=\"b63a5de\" data-element_type=\"container\" data-e-type=\"container\" data-settings=\"{&quot;background_background&quot;:&quot;classic&quot;}\">\n\t\t\t\t\t<div class=\"e-con-inner\">\n\t\t<div class=\"no-position  elementor-element elementor-element-153051b e-con-full e-flex e-con e-child\" data-id=\"153051b\" data-element_type=\"container\" data-e-type=\"container\">\n\t\t\t\t<div class=\"elementor-element elementor-element-db9a4ef gsap-move-no rs-tween_max_btn-no elementor-widget elementor-widget-rs-heading\" data-id=\"db9a4ef\" data-element_type=\"widget\" data-e-type=\"widget\" data-widget_type=\"rs-heading.default\">\n\t\t\t\t<div class=\"elementor-widget-container\">\n\t\t\t\t\t\n\t\t<div class=\"prelements-heading style1    animate-\">\n\t\t\t<div class=\"title-inner\">\n\t\t\t\t\t\t\t\t\t<span class=\"sub-text\">\n\t\t\t\t\t\t<svg xmlns=\"http:\/\/www.w3.org\/2000\/svg\" width=\"25\" height=\"9\" viewBox=\"0 0 25 9\" fill=\"none\"><path d=\"M0 0H9V9H0V0Z\" fill=\"#1BBBFF\"><\/path><path d=\"M9 4H25V5H9V4Z\" fill=\"#1BBBFF\"><\/path><\/svg>Ingr\u00e9dients avanc\u00e9s pour l\u2019industrie pharmaceutique<svg xmlns=\"http:\/\/www.w3.org\/2000\/svg\" width=\"25\" height=\"9\" viewBox=\"0 0 25 9\" fill=\"none\"><path d=\"M25 0H16V9H25V0Z\" fill=\"#1BBBFF\"><\/path><path d=\"M16 4H0V5H16V4Z\" fill=\"#1BBBFF\"><\/path><\/svg>\t\t\t\t\t<\/span>\n\t\t\t\t<h2 class=\"title rs-split-text-enable split-in-left\">Des solutions s\u00fbres, fiables et efficaces pour l\u2019industrie pharmaceutique<\/h2>\n\t\t\t<\/div>\n\t\t\t\t\t\t\t<div class=\"description\">\n\t\t\t\t\t<p style=\"text-align: justify\">Chez Begonia, nous accompagnons l\u2019industrie pharmaceutique avec un portefeuille complet d\u2019excipients et de principes actifs pharmaceutiques (API). Nos solutions sont con\u00e7ues pour garantir la stabilit\u00e9, la s\u00e9curit\u00e9 et l\u2019efficacit\u00e9 de chaque formulation, aidant ainsi nos partenaires \u00e0 fournir des m\u00e9dicaments de haute qualit\u00e9 qui am\u00e9liorent la vie.<\/p>\t\t\t\t<\/div>\n\t\t\t\t\t<\/div>\n\t\t\t\t<\/div>\n\t\t\t\t<\/div>\n\t\t\t\t<\/div>\n\t\t<div class=\"no-position  elementor-element elementor-element-19ae3b8 e-con-full e-flex e-con e-child\" data-id=\"19ae3b8\" data-element_type=\"container\" data-e-type=\"container\">\n\t\t\t\t<div class=\"elementor-element elementor-element-9c25216 elementor-absolute gsap-move-no rs-tween_max_btn-no elementor-widget elementor-widget-rs-image\" data-id=\"9c25216\" data-element_type=\"widget\" data-e-type=\"widget\" data-settings=\"{&quot;_position&quot;:&quot;absolute&quot;}\" data-widget_type=\"rs-image.default\">\n\t\t\t\t<div class=\"elementor-widget-container\">\n\t\t\t\t\t\n        <div class=\"rs-image no ruler_image_no ruler_position_  \">\n                                                            <img decoding=\"async\" class=\"rs-multi-image  reverse- blend_unset\" src=\"https:\/\/begonia.tn\/wp-content\/uploads\/2025\/08\/about-line.png\" alt=\"about-line.png\"\/>\n                                                                        <\/div>   \n          \n    \t\t\t\t<\/div>\n\t\t\t\t<\/div>\n\t\t\t\t<div class=\"elementor-element elementor-element-a4f6984 elementor-widget-tablet__width-inherit gsap-move-no rs-tween_max_btn-no elementor-widget elementor-widget-rs-image\" data-id=\"a4f6984\" data-element_type=\"widget\" data-e-type=\"widget\" data-widget_type=\"rs-image.default\">\n\t\t\t\t<div class=\"elementor-widget-container\">\n\t\t\t\t\t\n        <div class=\"rs-image no ruler_image_no ruler_position_  \">\n                                                            <img decoding=\"async\" class=\"rs-multi-image  reverse- blend_unset\" src=\"https:\/\/begonia.tn\/wp-content\/uploads\/2025\/09\/young-woman-pharmacist-pharmacy-scaled.jpg\" alt=\"Young woman pharmacist at pharmacy\"\/>\n                                                                        <\/div>   \n          \n    \t\t\t\t<\/div>\n\t\t\t\t<\/div>\n\t\t\t\t<\/div>\n\t\t\t\t\t<\/div>\n\t\t\t\t<\/div>\n\t\t<div class=\"no-position  elementor-element elementor-element-adeb67d e-flex e-con-boxed e-con e-parent\" data-id=\"adeb67d\" data-element_type=\"container\" data-e-type=\"container\">\n\t\t\t\t\t<div class=\"e-con-inner\">\n\t\t\t\t<div class=\"elementor-element elementor-element-2e72ec8 gsap-move-no rs-tween_max_btn-no elementor-widget elementor-widget-rsportfolio\" data-id=\"2e72ec8\" data-element_type=\"widget\" data-e-type=\"widget\" data-widget_type=\"rsportfolio.default\">\n\t\t\t\t<div class=\"elementor-widget-container\">\n\t\t\t\t\t\t\t<div class=\"rs-portfolios-grid rs-portfolio-style1 rsaddon_pro_box image-zoom-effect-disable glass-effect-yes\">\n\t\t\t\t\t\t\t<div class=\"row\">\n\t\t\t\t\t\t\t\t\t\t\t<div class=\"col-lg-4 col-md-4 col-xs-1 grid-item col-sm-\">\n\t\t\t\t\t\t\n\t\t\t\t\t\t\t\t\t\t\t\t\t<div class=\"portfolio-item content-overlay manual-portfolio unique-2e72ec8_4884\">\n\t\t\t\t\t\t\t\t\t\t\t\t\t\t\t\t\t<div class=\"portfolio-img\">\n\t\t\t\t\t\t\t\t\t\t<img decoding=\"async\" src=\"https:\/\/begonia.tn\/wp-content\/uploads\/2025\/09\/Excipients.png\" alt=\"Excipients\">\n\t\t\t\t\t\t\t\t\t\t\t\t\t\t\t\t\t\t\t\t<div class=\"img-overlay\"><\/div>\n\t\t\t\t\t\t\t\t\t<\/div>\n\t\t\t\t\t\t\t\t\t\t\t\t\t\t\t\t<div class=\"portfolio-details\">\n\t\t\t\t\t\t\t\t\t<div class=\"p-category\">\n\t\t\t\t\t\t\t\t\t\t<a href=\"#\">Category<\/a>\n\t\t\t\t\t\t\t\t\t<\/div>\n\t\t\t\t\t\t\t\t\t<h4 class=\"p-title\"><a href=\"https:\/\/begonia.tn\/?page_id=9944https:\/\/begonia.tn\/?page_id=9944\"  >Excipients<\/a><\/h4>\n\t\t\t\t\t\t\t\t<\/div>\n\t\t\t\t\t\t\t<\/div>\n\t\t\t\t\t\t\t\t\t\t\t\t<\/div>\n\t\t\t\t\t\t\t\t\t\t\t<div class=\"col-lg-4 col-md-4 col-xs-1 grid-item col-sm-\">\n\t\t\t\t\t\t\n\t\t\t\t\t\t\t\t\t\t\t\t\t<div class=\"portfolio-item content-overlay manual-portfolio unique-2e72ec8_5404\">\n\t\t\t\t\t\t\t\t\t\t\t\t\t\t\t\t\t<div class=\"portfolio-img\">\n\t\t\t\t\t\t\t\t\t\t<img decoding=\"async\" src=\"https:\/\/begonia.tn\/wp-content\/uploads\/2025\/09\/Anti-Infectives.png\" alt=\"Anti-Infectives\">\n\t\t\t\t\t\t\t\t\t\t\t\t\t\t\t\t\t\t\t\t<div class=\"img-overlay\"><\/div>\n\t\t\t\t\t\t\t\t\t<\/div>\n\t\t\t\t\t\t\t\t\t\t\t\t\t\t\t\t<div class=\"portfolio-details\">\n\t\t\t\t\t\t\t\t\t<div class=\"p-category\">\n\t\t\t\t\t\t\t\t\t\t<a href=\"#\"><\/a>\n\t\t\t\t\t\t\t\t\t<\/div>\n\t\t\t\t\t\t\t\t\t<h4 class=\"p-title\"><a href=\"https:\/\/begonia.tn\/?page_id=9944\"  >Anti-Infectives<\/a><\/h4>\n\t\t\t\t\t\t\t\t<\/div>\n\t\t\t\t\t\t\t<\/div>\n\t\t\t\t\t\t\t\t\t\t\t\t<\/div>\n\t\t\t\t\t\t\t\t\t\t\t<div class=\"col-lg-4 col-md-4 col-xs-1 grid-item col-sm-\">\n\t\t\t\t\t\t\n\t\t\t\t\t\t\t\t\t\t\t\t\t<div class=\"portfolio-item content-overlay manual-portfolio unique-2e72ec8_5098\">\n\t\t\t\t\t\t\t\t\t\t\t\t\t\t\t\t\t<div class=\"portfolio-img\">\n\t\t\t\t\t\t\t\t\t\t<img decoding=\"async\" src=\"https:\/\/begonia.tn\/wp-content\/uploads\/2025\/09\/Diabetes-Management.png\" alt=\"Diabetes Management\">\n\t\t\t\t\t\t\t\t\t\t\t\t\t\t\t\t\t\t\t\t<div class=\"img-overlay\"><\/div>\n\t\t\t\t\t\t\t\t\t<\/div>\n\t\t\t\t\t\t\t\t\t\t\t\t\t\t\t\t<div class=\"portfolio-details\">\n\t\t\t\t\t\t\t\t\t<div class=\"p-category\">\n\t\t\t\t\t\t\t\t\t\t<a href=\"#\"><\/a>\n\t\t\t\t\t\t\t\t\t<\/div>\n\t\t\t\t\t\t\t\t\t<h4 class=\"p-title\"><a href=\"https:\/\/begonia.tn\/?page_id=9944\"  >Diabetes Management<\/a><\/h4>\n\t\t\t\t\t\t\t\t<\/div>\n\t\t\t\t\t\t\t<\/div>\n\t\t\t\t\t\t\t\t\t\t\t\t<\/div>\n\t\t\t\t\t\t\t\t\t\t\t<div class=\"col-lg-4 col-md-4 col-xs-1 grid-item col-sm-\">\n\t\t\t\t\t\t\n\t\t\t\t\t\t\t\t\t\t\t\t\t<div class=\"portfolio-item content-overlay manual-portfolio unique-2e72ec8_5044\">\n\t\t\t\t\t\t\t\t\t\t\t\t\t\t\t\t\t<div class=\"portfolio-img\">\n\t\t\t\t\t\t\t\t\t\t<img decoding=\"async\" src=\"https:\/\/begonia.tn\/wp-content\/uploads\/2025\/09\/Respiratory.png\" alt=\"Respiratory\">\n\t\t\t\t\t\t\t\t\t\t\t\t\t\t\t\t\t\t\t\t<div class=\"img-overlay\"><\/div>\n\t\t\t\t\t\t\t\t\t<\/div>\n\t\t\t\t\t\t\t\t\t\t\t\t\t\t\t\t<div class=\"portfolio-details\">\n\t\t\t\t\t\t\t\t\t<div class=\"p-category\">\n\t\t\t\t\t\t\t\t\t\t<a href=\"#\"><\/a>\n\t\t\t\t\t\t\t\t\t<\/div>\n\t\t\t\t\t\t\t\t\t<h4 class=\"p-title\"><a href=\"https:\/\/begonia.tn\/?page_id=9944\"  >Respiratory<\/a><\/h4>\n\t\t\t\t\t\t\t\t<\/div>\n\t\t\t\t\t\t\t<\/div>\n\t\t\t\t\t\t\t\t\t\t\t\t<\/div>\n\t\t\t\t\t\t\t\t\t\t\t<div class=\"col-lg-4 col-md-4 col-xs-1 grid-item col-sm-\">\n\t\t\t\t\t\t\n\t\t\t\t\t\t\t\t\t\t\t\t\t<div class=\"portfolio-item content-overlay manual-portfolio unique-2e72ec8_4859\">\n\t\t\t\t\t\t\t\t\t\t\t\t\t\t\t\t\t<div class=\"portfolio-img\">\n\t\t\t\t\t\t\t\t\t\t<img decoding=\"async\" src=\"https:\/\/begonia.tn\/wp-content\/uploads\/2025\/09\/Cardiovascular.png\" alt=\"Cardiovascular\">\n\t\t\t\t\t\t\t\t\t\t\t\t\t\t\t\t\t\t\t\t<div class=\"img-overlay\"><\/div>\n\t\t\t\t\t\t\t\t\t<\/div>\n\t\t\t\t\t\t\t\t\t\t\t\t\t\t\t\t<div class=\"portfolio-details\">\n\t\t\t\t\t\t\t\t\t<div class=\"p-category\">\n\t\t\t\t\t\t\t\t\t\t<a href=\"#\"><\/a>\n\t\t\t\t\t\t\t\t\t<\/div>\n\t\t\t\t\t\t\t\t\t<h4 class=\"p-title\"><a href=\"https:\/\/begonia.tn\/?page_id=9944\"  >Cardiovascular<\/a><\/h4>\n\t\t\t\t\t\t\t\t<\/div>\n\t\t\t\t\t\t\t<\/div>\n\t\t\t\t\t\t\t\t\t\t\t\t<\/div>\n\t\t\t\t\t\t\t\t\t\t\t<div class=\"col-lg-4 col-md-4 col-xs-1 grid-item col-sm-\">\n\t\t\t\t\t\t\n\t\t\t\t\t\t\t\t\t\t\t\t\t<div class=\"portfolio-item content-overlay manual-portfolio unique-2e72ec8_5418\">\n\t\t\t\t\t\t\t\t\t\t\t\t\t\t\t\t\t<div class=\"portfolio-img\">\n\t\t\t\t\t\t\t\t\t\t<img decoding=\"async\" src=\"https:\/\/begonia.tn\/wp-content\/uploads\/2025\/09\/Gastrointestinal.png\" alt=\"Gastrointestinal\">\n\t\t\t\t\t\t\t\t\t\t\t\t\t\t\t\t\t\t\t\t<div class=\"img-overlay\"><\/div>\n\t\t\t\t\t\t\t\t\t<\/div>\n\t\t\t\t\t\t\t\t\t\t\t\t\t\t\t\t<div class=\"portfolio-details\">\n\t\t\t\t\t\t\t\t\t<div class=\"p-category\">\n\t\t\t\t\t\t\t\t\t\t<a href=\"#\">Category<\/a>\n\t\t\t\t\t\t\t\t\t<\/div>\n\t\t\t\t\t\t\t\t\t<h4 class=\"p-title\"><a href=\"https:\/\/begonia.tn\/?page_id=9944\"  >Gastrointestinal<\/a><\/h4>\n\t\t\t\t\t\t\t\t<\/div>\n\t\t\t\t\t\t\t<\/div>\n\t\t\t\t\t\t\t\t\t\t\t\t<\/div>\n\t\t\t\t\t\t\t\t\t<\/div>\n\t\t\t\t\t\t\t\t\t<\/div>\n\t\t\n\t\t\t\t<style>\n\t\t\t\/* Center title on image for Manual Portfolio - All Styles *\/\n\t\t\t.rs-portfolio-style1 .manual-portfolio,\n\t\t\t.rs-portfolio-style2 .manual-portfolio,\n\t\t\t.rs-portfolio-style3 .manual-portfolio,\n\t\t\t.rs-portfolio-style4 .manual-portfolio {\n\t\t\t\tposition: relative;\n\t\t\t\toverflow: hidden;\n\t\t\t}\n\t\t\t\n\t\t\t.rs-portfolio-style1 .manual-portfolio .portfolio-img,\n\t\t\t.rs-portfolio-style2 .manual-portfolio .portfolio-img,\n\t\t\t.rs-portfolio-style3 .manual-portfolio .portfolio-img,\n\t\t\t.rs-portfolio-style4 .manual-portfolio .portfolio-img {\n\t\t\t\tposition: relative;\n\t\t\t}\n\t\t\t\n\t\t\t\/* Style 1 - Center title on image *\/\n\t\t\t.rs-portfolio-style1 .manual-portfolio .portfolio-details {\n\t\t\t\tposition: absolute;\n\t\t\t\ttop: 50%;\n\t\t\t\tleft: 50%;\n\t\t\t\ttransform: translate(-50%, -50%);\n\t\t\t\ttext-align: center;\n\t\t\t\twidth: 100%;\n\t\t\t\tz-index: 10;\n\t\t\t\tpointer-events: none;\n\t\t\t}\n\t\t\t\n\t\t\t.rs-portfolio-style1 .manual-portfolio .portfolio-details .p-title a {\n\t\t\t\tpointer-events: auto;\n\t\t\t}\n\t\t\t\n\t\t\t\/* Style 2 - Center title on image *\/\n\t\t\t.rs-portfolio-style2 .manual-portfolio .portfolio-details {\n\t\t\t\tposition: absolute;\n\t\t\t\ttop: 50%;\n\t\t\t\tleft: 50%;\n\t\t\t\ttransform: translate(-50%, -50%);\n\t\t\t\ttext-align: center;\n\t\t\t\twidth: 100%;\n\t\t\t\tz-index: 10;\n\t\t\t\tpointer-events: none;\n\t\t\t}\n\t\t\t\n\t\t\t.rs-portfolio-style2 .manual-portfolio .portfolio-details .p-title a {\n\t\t\t\tpointer-events: auto;\n\t\t\t}\n\t\t\t\n\t\t\t\/* Style 3 - Center title on image *\/\n\t\t\t.rs-portfolio-style3 .manual-portfolio .portfolio-content {\n\t\t\t\tposition: absolute;\n\t\t\t\ttop: 50%;\n\t\t\t\tleft: 50%;\n\t\t\t\ttransform: translate(-50%, -50%);\n\t\t\t\ttext-align: center;\n\t\t\t\twidth: 100%;\n\t\t\t\tz-index: 10;\n\t\t\t\tpointer-events: none;\n\t\t\t}\n\t\t\t\n\t\t\t.rs-portfolio-style3 .manual-portfolio .portfolio-content a {\n\t\t\t\tpointer-events: auto;\n\t\t\t}\n\t\t\t\n\t\t\t\/* Style 4 - Center title on image *\/\n\t\t\t.rs-portfolio-style4 .manual-portfolio .portfolio-content {\n\t\t\t\tposition: absolute;\n\t\t\t\ttop: 50%;\n\t\t\t\tleft: 50%;\n\t\t\t\ttransform: translate(-50%, -50%);\n\t\t\t\ttext-align: center;\n\t\t\t\twidth: 100%;\n\t\t\t\tz-index: 10;\n\t\t\t\tpointer-events: none;\n\t\t\t}\n\t\t\t\n\t\t\t.rs-portfolio-style4 .manual-portfolio .portfolio-content a {\n\t\t\t\tpointer-events: auto;\n\t\t\t}\n\t\t\t\n\t\t\t\/* Ensure title is visible and styled *\/\n\t\t\t.rs-portfolio-style1 .manual-portfolio .p-title,\n\t\t\t.rs-portfolio-style2 .manual-portfolio .p-title,\n\t\t\t.rs-portfolio-style3 .manual-portfolio .p-title,\n\t\t\t.rs-portfolio-style4 .manual-portfolio .p-title {\n\t\t\t\tcolor: #fff !important;\n\t\t\t\ttext-shadow: 0 2px 8px rgba(0,0,0,0.8), 0 0 2px rgba(0,0,0,0.5);\n\t\t\t\tmargin: 0;\n\t\t\t\tfont-weight: 600;\n\t\t\t}\n\t\t\t\n\t\t\t.rs-portfolio-style1 .manual-portfolio .p-title a,\n\t\t\t.rs-portfolio-style2 .manual-portfolio .p-title a,\n\t\t\t.rs-portfolio-style3 .manual-portfolio .p-title a,\n\t\t\t.rs-portfolio-style4 .manual-portfolio .p-title a {\n\t\t\t\tcolor: #fff !important;\n\t\t\t}\n\t\t\t\n\t\t\t\/* Hide category in manual portfolio for cleaner centered title *\/\n\t\t\t.rs-portfolio-style1 .manual-portfolio .p-category,\n\t\t\t.rs-portfolio-style2 .manual-portfolio .p-category,\n\t\t\t.rs-portfolio-style3 .manual-portfolio .p-category,\n\t\t\t.rs-portfolio-style4 .manual-portfolio .p-category {\n\t\t\t\tdisplay: none;\n\t\t\t}\n\t\t<\/style>\n\t\t\t\t\t\t\t<\/div>\n\t\t\t\t<\/div>\n\t\t\t\t\t<\/div>\n\t\t\t\t<\/div>\n\t\t\t\t<\/div>\n\t\t","protected":false},"excerpt":{"rendered":"<p>Ingr\u00e9dients avanc\u00e9s pour l\u2019industrie pharmaceutique Des solutions s\u00fbres, fiables et efficaces pour l\u2019industrie pharmaceutique Chez Begonia, nous accompagnons l\u2019industrie pharmaceutique avec un portefeuille complet d\u2019excipients et de principes actifs pharmaceutiques (API). Nos solutions sont con\u00e7ues pour garantir la stabilit\u00e9, la s\u00e9curit\u00e9 et l\u2019efficacit\u00e9 de chaque formulation, aidant ainsi nos partenaires \u00e0 fournir des m\u00e9dicaments de&#8230;<\/p>\n","protected":false},"author":1,"featured_media":0,"parent":0,"menu_order":0,"comment_status":"closed","ping_status":"closed","template":"elementor_header_footer","meta":{"_acf_changed":false,"footnotes":""},"class_list":["post-13925","page","type-page","status-publish","hentry"],"acf":[],"_links":{"self":[{"href":"https:\/\/begonia.tn\/index.php?rest_route=\/wp\/v2\/pages\/13925","targetHints":{"allow":["GET"]}}],"collection":[{"href":"https:\/\/begonia.tn\/index.php?rest_route=\/wp\/v2\/pages"}],"about":[{"href":"https:\/\/begonia.tn\/index.php?rest_route=\/wp\/v2\/types\/page"}],"author":[{"embeddable":true,"href":"https:\/\/begonia.tn\/index.php?rest_route=\/wp\/v2\/users\/1"}],"replies":[{"embeddable":true,"href":"https:\/\/begonia.tn\/index.php?rest_route=%2Fwp%2Fv2%2Fcomments&post=13925"}],"version-history":[{"count":0,"href":"https:\/\/begonia.tn\/index.php?rest_route=\/wp\/v2\/pages\/13925\/revisions"}],"wp:attachment":[{"href":"https:\/\/begonia.tn\/index.php?rest_route=%2Fwp%2Fv2%2Fmedia&parent=13925"}],"curies":[{"name":"wp","href":"https:\/\/api.w.org\/{rel}","templated":true}]}}