{"id":13919,"date":"2025-10-13T03:30:49","date_gmt":"2025-10-13T03:30:49","guid":{"rendered":"https:\/\/begonia.tn\/?page_id=13919"},"modified":"2025-10-13T03:33:37","modified_gmt":"2025-10-13T03:33:37","slug":"solutions-alimentaires","status":"publish","type":"page","link":"https:\/\/begonia.tn\/?page_id=13919&lang=fr","title":{"rendered":"Solutions Alimentaires"},"content":{"rendered":"\t\t<div data-elementor-type=\"wp-page\" data-elementor-id=\"13919\" class=\"elementor elementor-13919\">\n\t\t\t\t<div class=\"no-position  elementor-element elementor-element-bbfbd19 e-flex e-con-boxed e-con e-parent\" data-id=\"bbfbd19\" data-element_type=\"container\" data-e-type=\"container\" data-settings=\"{&quot;background_background&quot;:&quot;classic&quot;}\">\n\t\t\t\t\t<div class=\"e-con-inner\">\n\t\t<div class=\"no-position  elementor-element elementor-element-3777519 e-con-full e-flex e-con e-child\" data-id=\"3777519\" data-element_type=\"container\" data-e-type=\"container\">\n\t\t\t\t<div class=\"elementor-element elementor-element-9f9cc9d gsap-move-no rs-tween_max_btn-no elementor-widget elementor-widget-rs-heading\" data-id=\"9f9cc9d\" data-element_type=\"widget\" data-e-type=\"widget\" data-widget_type=\"rs-heading.default\">\n\t\t\t\t<div class=\"elementor-widget-container\">\n\t\t\t\t\t\n\t\t<div class=\"prelements-heading style1    animate-\">\n\t\t\t<div class=\"title-inner\">\n\t\t\t\t\t\t\t\t\t<span class=\"sub-text\">\n\t\t\t\t\t\t<svg xmlns=\"http:\/\/www.w3.org\/2000\/svg\" width=\"25\" height=\"9\" viewBox=\"0 0 25 9\" fill=\"none\"><path d=\"M0 0H9V9H0V0Z\" fill=\"#1BBBFF\"><\/path><path d=\"M9 4H25V5H9V4Z\" fill=\"#1BBBFF\"><\/path><\/svg>Ingr\u00e9dients innovants pour l\u2019alimentation et la nutrition<svg xmlns=\"http:\/\/www.w3.org\/2000\/svg\" width=\"25\" height=\"9\" viewBox=\"0 0 25 9\" fill=\"none\"><path d=\"M25 0H16V9H25V0Z\" fill=\"#1BBBFF\"><\/path><path d=\"M16 4H0V5H16V4Z\" fill=\"#1BBBFF\"><\/path><\/svg>\t\t\t\t\t<\/span>\n\t\t\t\t<h2 class=\"title rs-split-text-enable split-in-left\">Des solutions haut de gamme pour des produits alimentaires s\u00fbrs, homog\u00e8nes et savoureux.<\/h2>\n\t\t\t<\/div>\n\t\t\t\t\t\t\t<div class=\"description\">\n\t\t\t\t\t<p style=\"text-align: justify\">Notre gamme d\u2019ingr\u00e9dients innovants pour l\u2019alimentation et la nutrition offre des mati\u00e8res premi\u00e8res de haute qualit\u00e9, des additifs fonctionnels et des solutions sur mesure pour l\u2019industrie alimentaire. Nous fournissons des ingr\u00e9dients s\u00fbrs et fiables qui am\u00e9liorent le go\u00fbt, la texture, l\u2019apparence et la dur\u00e9e de conservation des produits.<\/p>\t\t\t\t<\/div>\n\t\t\t\t\t<\/div>\n\t\t\t\t<\/div>\n\t\t\t\t<\/div>\n\t\t\t\t<\/div>\n\t\t<div class=\"no-position  elementor-element elementor-element-cfaf093 e-con-full e-flex e-con e-child\" data-id=\"cfaf093\" data-element_type=\"container\" data-e-type=\"container\">\n\t\t\t\t<div class=\"elementor-element elementor-element-35139a2 elementor-absolute gsap-move-no rs-tween_max_btn-no elementor-widget elementor-widget-rs-image\" data-id=\"35139a2\" data-element_type=\"widget\" data-e-type=\"widget\" data-settings=\"{&quot;_position&quot;:&quot;absolute&quot;}\" data-widget_type=\"rs-image.default\">\n\t\t\t\t<div class=\"elementor-widget-container\">\n\t\t\t\t\t\n        <div class=\"rs-image no ruler_image_no ruler_position_  \">\n                                                            <img decoding=\"async\" class=\"rs-multi-image  reverse- blend_unset\" src=\"https:\/\/begonia.tn\/wp-content\/uploads\/2025\/08\/about-line.png\" alt=\"about-line.png\"\/>\n                                                                        <\/div>   \n          \n    \t\t\t\t<\/div>\n\t\t\t\t<\/div>\n\t\t\t\t<div class=\"elementor-element elementor-element-6d1600c elementor-widget-tablet__width-inherit gsap-move-no rs-tween_max_btn-no elementor-widget elementor-widget-rs-image\" data-id=\"6d1600c\" data-element_type=\"widget\" data-e-type=\"widget\" data-widget_type=\"rs-image.default\">\n\t\t\t\t<div class=\"elementor-widget-container\">\n\t\t\t\t\t\n        <div class=\"rs-image no ruler_image_no ruler_position_  \">\n                                                            <img decoding=\"async\" class=\"rs-multi-image  reverse- blend_unset\" src=\"https:\/\/begonia.tn\/wp-content\/uploads\/2025\/08\/food-sec.png\" alt=\"food sec\"\/>\n                                                                        <\/div>   \n          \n    \t\t\t\t<\/div>\n\t\t\t\t<\/div>\n\t\t\t\t<\/div>\n\t\t\t\t\t<\/div>\n\t\t\t\t<\/div>\n\t\t<div class=\"no-position  elementor-element elementor-element-d96749b e-flex e-con-boxed e-con e-parent\" data-id=\"d96749b\" data-element_type=\"container\" data-e-type=\"container\">\n\t\t\t\t\t<div class=\"e-con-inner\">\n\t\t\t\t<div class=\"elementor-element elementor-element-fd1f203 gsap-move-no rs-tween_max_btn-no elementor-widget elementor-widget-rsportfolio\" data-id=\"fd1f203\" data-element_type=\"widget\" data-e-type=\"widget\" data-widget_type=\"rsportfolio.default\">\n\t\t\t\t<div class=\"elementor-widget-container\">\n\t\t\t\t\t\t\t<div class=\"rs-portfolios-grid rs-portfolio-style1 rsaddon_pro_box image-zoom-effect-disable glass-effect-yes\">\n\t\t\t\t\t\t\t<div class=\"row\">\n\t\t\t\t\t\t\t\t\t\t\t<div class=\"col-lg-4 col-md-4 col-xs-1 grid-item col-sm-\">\n\t\t\t\t\t\t\n\t\t\t\t\t\t\t\t\t\t\t\t\t<div class=\"portfolio-item content-overlay manual-portfolio unique-fd1f203_4908\">\n\t\t\t\t\t\t\t\t\t\t\t\t\t\t\t\t\t<div class=\"portfolio-img\">\n\t\t\t\t\t\t\t\t\t\t<img decoding=\"async\" src=\"https:\/\/begonia.tn\/wp-content\/uploads\/2025\/08\/Bakery-Biscuits.png\" alt=\"Boulangerie &amp; Biscuits\">\n\t\t\t\t\t\t\t\t\t\t\t\t\t\t\t\t\t\t\t\t<div class=\"img-overlay\"><\/div>\n\t\t\t\t\t\t\t\t\t<\/div>\n\t\t\t\t\t\t\t\t\t\t\t\t\t\t\t\t<div class=\"portfolio-details\">\n\t\t\t\t\t\t\t\t\t<div class=\"p-category\">\n\t\t\t\t\t\t\t\t\t\t<a href=\"#\"><\/a>\n\t\t\t\t\t\t\t\t\t<\/div>\n\t\t\t\t\t\t\t\t\t<h4 class=\"p-title\"><a href=\"https:\/\/begonia.tn\/?page_id=9896\"  >Boulangerie &amp; Biscuits<\/a><\/h4>\n\t\t\t\t\t\t\t\t<\/div>\n\t\t\t\t\t\t\t<\/div>\n\t\t\t\t\t\t\t\t\t\t\t\t<\/div>\n\t\t\t\t\t\t\t\t\t\t\t<div class=\"col-lg-4 col-md-4 col-xs-1 grid-item col-sm-\">\n\t\t\t\t\t\t\n\t\t\t\t\t\t\t\t\t\t\t\t\t<div class=\"portfolio-item content-overlay manual-portfolio unique-fd1f203_5107\">\n\t\t\t\t\t\t\t\t\t\t\t\t\t\t\t\t\t<div class=\"portfolio-img\">\n\t\t\t\t\t\t\t\t\t\t<img decoding=\"async\" src=\"https:\/\/begonia.tn\/wp-content\/uploads\/2025\/06\/Beverages-4.jpg\" alt=\"Boissons\">\n\t\t\t\t\t\t\t\t\t\t\t\t\t\t\t\t\t\t\t\t<div class=\"img-overlay\"><\/div>\n\t\t\t\t\t\t\t\t\t<\/div>\n\t\t\t\t\t\t\t\t\t\t\t\t\t\t\t\t<div class=\"portfolio-details\">\n\t\t\t\t\t\t\t\t\t<div class=\"p-category\">\n\t\t\t\t\t\t\t\t\t\t<a href=\"#\"><\/a>\n\t\t\t\t\t\t\t\t\t<\/div>\n\t\t\t\t\t\t\t\t\t<h4 class=\"p-title\"><a href=\"https:\/\/begonia.tn\/?page_id=9896\"  >Boissons<\/a><\/h4>\n\t\t\t\t\t\t\t\t<\/div>\n\t\t\t\t\t\t\t<\/div>\n\t\t\t\t\t\t\t\t\t\t\t\t<\/div>\n\t\t\t\t\t\t\t\t\t\t\t<div class=\"col-lg-4 col-md-4 col-xs-1 grid-item col-sm-\">\n\t\t\t\t\t\t\n\t\t\t\t\t\t\t\t\t\t\t\t\t<div class=\"portfolio-item content-overlay manual-portfolio unique-fd1f203_5167\">\n\t\t\t\t\t\t\t\t\t\t\t\t\t\t\t\t\t<div class=\"portfolio-img\">\n\t\t\t\t\t\t\t\t\t\t<img decoding=\"async\" src=\"https:\/\/begonia.tn\/wp-content\/uploads\/2025\/06\/Chocolate-Confectionery-3.jpg\" alt=\"Chocolats\">\n\t\t\t\t\t\t\t\t\t\t\t\t\t\t\t\t\t\t\t\t<div class=\"img-overlay\"><\/div>\n\t\t\t\t\t\t\t\t\t<\/div>\n\t\t\t\t\t\t\t\t\t\t\t\t\t\t\t\t<div class=\"portfolio-details\">\n\t\t\t\t\t\t\t\t\t<div class=\"p-category\">\n\t\t\t\t\t\t\t\t\t\t<a href=\"#\"><\/a>\n\t\t\t\t\t\t\t\t\t<\/div>\n\t\t\t\t\t\t\t\t\t<h4 class=\"p-title\"><a href=\"https:\/\/begonia.tn\/?page_id=9896\"  >Chocolats<\/a><\/h4>\n\t\t\t\t\t\t\t\t<\/div>\n\t\t\t\t\t\t\t<\/div>\n\t\t\t\t\t\t\t\t\t\t\t\t<\/div>\n\t\t\t\t\t\t\t\t\t\t\t<div class=\"col-lg-4 col-md-4 col-xs-1 grid-item col-sm-\">\n\t\t\t\t\t\t\n\t\t\t\t\t\t\t\t\t\t\t\t\t<div class=\"portfolio-item content-overlay manual-portfolio unique-fd1f203_4703\">\n\t\t\t\t\t\t\t\t\t\t\t\t\t\t\t\t\t<div class=\"portfolio-img\">\n\t\t\t\t\t\t\t\t\t\t<img decoding=\"async\" src=\"https:\/\/begonia.tn\/wp-content\/uploads\/2025\/06\/Dairy-Ice-Cream.jpg\" alt=\"Produits laitiers &amp; Glaces\">\n\t\t\t\t\t\t\t\t\t\t\t\t\t\t\t\t\t\t\t\t<div class=\"img-overlay\"><\/div>\n\t\t\t\t\t\t\t\t\t<\/div>\n\t\t\t\t\t\t\t\t\t\t\t\t\t\t\t\t<div class=\"portfolio-details\">\n\t\t\t\t\t\t\t\t\t<div class=\"p-category\">\n\t\t\t\t\t\t\t\t\t\t<a href=\"#\"><\/a>\n\t\t\t\t\t\t\t\t\t<\/div>\n\t\t\t\t\t\t\t\t\t<h4 class=\"p-title\"><a href=\"https:\/\/begonia.tn\/?page_id=9896\"  >Produits laitiers &amp; Glaces<\/a><\/h4>\n\t\t\t\t\t\t\t\t<\/div>\n\t\t\t\t\t\t\t<\/div>\n\t\t\t\t\t\t\t\t\t\t\t\t<\/div>\n\t\t\t\t\t\t\t\t\t\t\t<div class=\"col-lg-4 col-md-4 col-xs-1 grid-item col-sm-\">\n\t\t\t\t\t\t\n\t\t\t\t\t\t\t\t\t\t\t\t\t<div class=\"portfolio-item content-overlay manual-portfolio unique-fd1f203_5207\">\n\t\t\t\t\t\t\t\t\t\t\t\t\t\t\t\t\t<div class=\"portfolio-img\">\n\t\t\t\t\t\t\t\t\t\t<img decoding=\"async\" src=\"https:\/\/begonia.tn\/wp-content\/uploads\/2025\/08\/Meat-Poultry.jpg\" alt=\"Viande &amp; Volaille\">\n\t\t\t\t\t\t\t\t\t\t\t\t\t\t\t\t\t\t\t\t<div class=\"img-overlay\"><\/div>\n\t\t\t\t\t\t\t\t\t<\/div>\n\t\t\t\t\t\t\t\t\t\t\t\t\t\t\t\t<div class=\"portfolio-details\">\n\t\t\t\t\t\t\t\t\t<div class=\"p-category\">\n\t\t\t\t\t\t\t\t\t\t<a href=\"#\"><\/a>\n\t\t\t\t\t\t\t\t\t<\/div>\n\t\t\t\t\t\t\t\t\t<h4 class=\"p-title\"><a href=\"https:\/\/begonia.tn\/?page_id=9896\"  >Viande &amp; Volaille<\/a><\/h4>\n\t\t\t\t\t\t\t\t<\/div>\n\t\t\t\t\t\t\t<\/div>\n\t\t\t\t\t\t\t\t\t\t\t\t<\/div>\n\t\t\t\t\t\t\t\t\t\t\t<div class=\"col-lg-4 col-md-4 col-xs-1 grid-item col-sm-\">\n\t\t\t\t\t\t\n\t\t\t\t\t\t\t\t\t\t\t\t\t<div class=\"portfolio-item content-overlay manual-portfolio unique-fd1f203_4873\">\n\t\t\t\t\t\t\t\t\t\t\t\t\t\t\t\t\t<div class=\"portfolio-img\">\n\t\t\t\t\t\t\t\t\t\t<img decoding=\"async\" src=\"https:\/\/begonia.tn\/wp-content\/uploads\/2025\/08\/Oils-Fats.png\" alt=\"Huiles &amp; Graisses\">\n\t\t\t\t\t\t\t\t\t\t\t\t\t\t\t\t\t\t\t\t<div class=\"img-overlay\"><\/div>\n\t\t\t\t\t\t\t\t\t<\/div>\n\t\t\t\t\t\t\t\t\t\t\t\t\t\t\t\t<div class=\"portfolio-details\">\n\t\t\t\t\t\t\t\t\t<div class=\"p-category\">\n\t\t\t\t\t\t\t\t\t\t<a href=\"#\">Category<\/a>\n\t\t\t\t\t\t\t\t\t<\/div>\n\t\t\t\t\t\t\t\t\t<h4 class=\"p-title\"><a href=\"https:\/\/begonia.tn\/?page_id=9896\"  >Huiles &amp; Graisses<\/a><\/h4>\n\t\t\t\t\t\t\t\t<\/div>\n\t\t\t\t\t\t\t<\/div>\n\t\t\t\t\t\t\t\t\t\t\t\t<\/div>\n\t\t\t\t\t\t\t\t\t<\/div>\n\t\t\t\t\t\t\t\t\t<\/div>\n\t\t\n\t\t\t\t<style>\n\t\t\t\/* Center title on image for Manual Portfolio - All Styles *\/\n\t\t\t.rs-portfolio-style1 .manual-portfolio,\n\t\t\t.rs-portfolio-style2 .manual-portfolio,\n\t\t\t.rs-portfolio-style3 .manual-portfolio,\n\t\t\t.rs-portfolio-style4 .manual-portfolio {\n\t\t\t\tposition: relative;\n\t\t\t\toverflow: hidden;\n\t\t\t}\n\t\t\t\n\t\t\t.rs-portfolio-style1 .manual-portfolio .portfolio-img,\n\t\t\t.rs-portfolio-style2 .manual-portfolio .portfolio-img,\n\t\t\t.rs-portfolio-style3 .manual-portfolio .portfolio-img,\n\t\t\t.rs-portfolio-style4 .manual-portfolio .portfolio-img {\n\t\t\t\tposition: relative;\n\t\t\t}\n\t\t\t\n\t\t\t\/* Style 1 - Center title on image *\/\n\t\t\t.rs-portfolio-style1 .manual-portfolio .portfolio-details {\n\t\t\t\tposition: absolute;\n\t\t\t\ttop: 50%;\n\t\t\t\tleft: 50%;\n\t\t\t\ttransform: translate(-50%, -50%);\n\t\t\t\ttext-align: center;\n\t\t\t\twidth: 100%;\n\t\t\t\tz-index: 10;\n\t\t\t\tpointer-events: none;\n\t\t\t}\n\t\t\t\n\t\t\t.rs-portfolio-style1 .manual-portfolio .portfolio-details .p-title a {\n\t\t\t\tpointer-events: auto;\n\t\t\t}\n\t\t\t\n\t\t\t\/* Style 2 - Center title on image *\/\n\t\t\t.rs-portfolio-style2 .manual-portfolio .portfolio-details {\n\t\t\t\tposition: absolute;\n\t\t\t\ttop: 50%;\n\t\t\t\tleft: 50%;\n\t\t\t\ttransform: translate(-50%, -50%);\n\t\t\t\ttext-align: center;\n\t\t\t\twidth: 100%;\n\t\t\t\tz-index: 10;\n\t\t\t\tpointer-events: none;\n\t\t\t}\n\t\t\t\n\t\t\t.rs-portfolio-style2 .manual-portfolio .portfolio-details .p-title a {\n\t\t\t\tpointer-events: auto;\n\t\t\t}\n\t\t\t\n\t\t\t\/* Style 3 - Center title on image *\/\n\t\t\t.rs-portfolio-style3 .manual-portfolio .portfolio-content {\n\t\t\t\tposition: absolute;\n\t\t\t\ttop: 50%;\n\t\t\t\tleft: 50%;\n\t\t\t\ttransform: translate(-50%, -50%);\n\t\t\t\ttext-align: center;\n\t\t\t\twidth: 100%;\n\t\t\t\tz-index: 10;\n\t\t\t\tpointer-events: none;\n\t\t\t}\n\t\t\t\n\t\t\t.rs-portfolio-style3 .manual-portfolio .portfolio-content a {\n\t\t\t\tpointer-events: auto;\n\t\t\t}\n\t\t\t\n\t\t\t\/* Style 4 - Center title on image *\/\n\t\t\t.rs-portfolio-style4 .manual-portfolio .portfolio-content {\n\t\t\t\tposition: absolute;\n\t\t\t\ttop: 50%;\n\t\t\t\tleft: 50%;\n\t\t\t\ttransform: translate(-50%, -50%);\n\t\t\t\ttext-align: center;\n\t\t\t\twidth: 100%;\n\t\t\t\tz-index: 10;\n\t\t\t\tpointer-events: none;\n\t\t\t}\n\t\t\t\n\t\t\t.rs-portfolio-style4 .manual-portfolio .portfolio-content a {\n\t\t\t\tpointer-events: auto;\n\t\t\t}\n\t\t\t\n\t\t\t\/* Ensure title is visible and styled *\/\n\t\t\t.rs-portfolio-style1 .manual-portfolio .p-title,\n\t\t\t.rs-portfolio-style2 .manual-portfolio .p-title,\n\t\t\t.rs-portfolio-style3 .manual-portfolio .p-title,\n\t\t\t.rs-portfolio-style4 .manual-portfolio .p-title {\n\t\t\t\tcolor: #fff !important;\n\t\t\t\ttext-shadow: 0 2px 8px rgba(0,0,0,0.8), 0 0 2px rgba(0,0,0,0.5);\n\t\t\t\tmargin: 0;\n\t\t\t\tfont-weight: 600;\n\t\t\t}\n\t\t\t\n\t\t\t.rs-portfolio-style1 .manual-portfolio .p-title a,\n\t\t\t.rs-portfolio-style2 .manual-portfolio .p-title a,\n\t\t\t.rs-portfolio-style3 .manual-portfolio .p-title a,\n\t\t\t.rs-portfolio-style4 .manual-portfolio .p-title a {\n\t\t\t\tcolor: #fff !important;\n\t\t\t}\n\t\t\t\n\t\t\t\/* Hide category in manual portfolio for cleaner centered title *\/\n\t\t\t.rs-portfolio-style1 .manual-portfolio .p-category,\n\t\t\t.rs-portfolio-style2 .manual-portfolio .p-category,\n\t\t\t.rs-portfolio-style3 .manual-portfolio .p-category,\n\t\t\t.rs-portfolio-style4 .manual-portfolio .p-category {\n\t\t\t\tdisplay: none;\n\t\t\t}\n\t\t<\/style>\n\t\t\t\t\t\t\t<\/div>\n\t\t\t\t<\/div>\n\t\t\t\t\t<\/div>\n\t\t\t\t<\/div>\n\t\t\t\t<\/div>\n\t\t","protected":false},"excerpt":{"rendered":"<p>Ingr\u00e9dients innovants pour l\u2019alimentation et la nutrition Des solutions haut de gamme pour des produits alimentaires s\u00fbrs, homog\u00e8nes et savoureux. Notre gamme d\u2019ingr\u00e9dients innovants pour l\u2019alimentation et la nutrition offre des mati\u00e8res premi\u00e8res de haute qualit\u00e9, des additifs fonctionnels et des solutions sur mesure pour l\u2019industrie alimentaire. Nous fournissons des ingr\u00e9dients s\u00fbrs et fiables qui&#8230;<\/p>\n","protected":false},"author":1,"featured_media":0,"parent":0,"menu_order":0,"comment_status":"closed","ping_status":"closed","template":"elementor_header_footer","meta":{"_acf_changed":false,"footnotes":""},"class_list":["post-13919","page","type-page","status-publish","hentry"],"acf":[],"_links":{"self":[{"href":"https:\/\/begonia.tn\/index.php?rest_route=\/wp\/v2\/pages\/13919","targetHints":{"allow":["GET"]}}],"collection":[{"href":"https:\/\/begonia.tn\/index.php?rest_route=\/wp\/v2\/pages"}],"about":[{"href":"https:\/\/begonia.tn\/index.php?rest_route=\/wp\/v2\/types\/page"}],"author":[{"embeddable":true,"href":"https:\/\/begonia.tn\/index.php?rest_route=\/wp\/v2\/users\/1"}],"replies":[{"embeddable":true,"href":"https:\/\/begonia.tn\/index.php?rest_route=%2Fwp%2Fv2%2Fcomments&post=13919"}],"version-history":[{"count":0,"href":"https:\/\/begonia.tn\/index.php?rest_route=\/wp\/v2\/pages\/13919\/revisions"}],"wp:attachment":[{"href":"https:\/\/begonia.tn\/index.php?rest_route=%2Fwp%2Fv2%2Fmedia&parent=13919"}],"curies":[{"name":"wp","href":"https:\/\/api.w.org\/{rel}","templated":true}]}}